{"id":3,"date":"2022-05-23T09:16:34","date_gmt":"2022-05-23T09:16:34","guid":{"rendered":"https:\/\/clever-mendeleev.217-61-58-84.plesk.page\/?page_id=3"},"modified":"2023-06-20T11:57:11","modified_gmt":"2023-06-20T09:57:11","slug":"privacy-policy","status":"publish","type":"page","link":"https:\/\/ducatoestense.com\/en\/privacy-policy\/","title":{"rendered":"Privacy policy"},"content":{"rendered":"\n<h3 class=\"wp-block-heading\"><strong>Informativa sul trattamento dei dati personali<\/strong><\/h3>\n\n\n\n<p>Ai sensi dell\u2019art. 13 del\u00a0<a href=\"https:\/\/eur-lex.europa.eu\/legal-content\/IT\/TXT\/PDF\/?uri=CELEX:32016R0679&amp;from=IT\" target=\"_blank\" rel=\"noopener nofollow\" title=\"\">Regolamento (UE) n.2016\/679<\/a>\u00a0(di seguito \u201cRegolamento\u201d), tale informativa descrive le modalit\u00e0 di trattamento dei dati personali degli utenti che consultano il sito web Ducato Estense.com.<\/p>\n\n\n\n<p>Tale informativa si riferisce esclusivamente al trattamento dei dati personali conseguente alla consultazione del sito e non anche di altri siti o pagine web, o servizi on line, raggiungibili attraverso link ipertestuali pubblicati sul sito web.<\/p>\n\n\n\n<p><strong>Titolare del trattamento<\/strong><\/p>\n\n\n\n<p>Il Titolare del trattamento \u00e8 il Ministero della Cultura, con sede in via del Collegio Romano 27, 00186 \u2013 Roma (ITALIA), cui rivolgersi consultando apposita pagina dei contatti: <a href=\"https:\/\/www.beniculturali.it\/scrivici\" target=\"_blank\" rel=\"noopener nofollow\" title=\"\">https:\/\/www.beniculturali.it\/scrivici<\/a><\/p>\n\n\n\n<p><strong>Responsabile della protezione dei dati<\/strong><\/p>\n\n\n\n<p>Ai sensi dell&#8217;art. 37 del Regolamento, il Responsabile della Protezione dei Dati (RPD o DPO &#8211; Data Protection Officer) \u00e8 il dott. Antonio Francesco Artuso, Dirigente del Servizio I della Direzione Generale Organizzazione, contattabile ai seguenti recapiti: PEO: rpd@beniculturali.it, PEC: rpd@mailcert.beniculturali.it | telefono: 06.67232494 | via del Collegio Romano 27, 00186 \u2013 Roma (ITALIA).<\/p>\n\n\n\n<p><strong>Modalit\u00e0 di trattamento<\/strong><\/p>\n\n\n\n<p>Il Titolare adotta le opportune misure di sicurezza volte ad impedire l\u2019accesso, la divulgazione, la modifica o la distruzione non autorizzate dei Dati Personali.<\/p>\n\n\n\n<p>Il trattamento viene effettuato mediante strumenti informatici e\/o telematici, con modalit\u00e0 organizzative e con logiche strettamente correlate alle finalit\u00e0 indicate. Oltre al Titolare, in alcuni casi, potrebbero avere accesso ai Dati altri soggetti coinvolti nell\u2019organizzazione di questo Sito (personale amministrativo, legali, amministratori di sistema) ovvero soggetti esterni (come fornitori di servizi tecnici terzi, hosting provider, societ\u00e0 informatiche, agenzie di comunicazione) nominati anche, se necessario, Responsabili del Trattamento da parte del Titolare. L\u2019elenco aggiornato dei Responsabili potr\u00e0 sempre essere richiesto al Titolare del Trattamento.<\/p>\n\n\n\n<p><strong>Finalit\u00e0 e base giuridica del trattamento<\/strong><\/p>\n\n\n\n<p>I dati personali indicati in questa pagina sono trattati dal Titolare nell&#8217;esecuzione dei propri compiti di interesse pubblico o comunque connessi all&#8217;esercizio dei propri pubblici poteri, ivi incluse la gestione e tutela del patrimonio culturale e le connesse attivit\u00e0 di comunicazione e promozione.<\/p>\n\n\n\n<p>I dati personali da Voi forniti sono trattati, in particolare, per le seguenti finalit\u00e0 e utilizzando i seguenti servizi:<\/p>\n\n\n\n<ul class=\"wp-block-list\">\n<li>Iscrizione Newsletter<\/li>\n<\/ul>\n\n\n\n<p>L&#8217;utente, nella maschera di registrazione all&#8217;Area personale, accetta di ricevere la Newsletter del Ducato Estense all&#8217;indirizzo email con il quale si \u00e8 registrato.<\/p>\n\n\n\n<p>L\u2019iscrizione alla newsletter del Ducato Estense consente di ricevere, in automatico e gratuitamente, messaggi tramite posta elettronica (Newsletter), in modo da essere periodicamente aggiornati su novit\u00e0, eventi, nuovi servizi. L&#8217;utente accetta espressamente la registrazione ed il trattamento dei propri dati per l&#8217;invio della Newsletter, che avverr\u00e0 premendo il tasto &#8220;Registra&#8221;, della maschera di registrazione adeguatamente compilata, presente nella fase di registrazione all&#8217;Area personale.<\/p>\n\n\n\n<p>Il recesso all&#8217;iscrizione pu\u00f2 essere fatto in qualunque momento selezionando l\u2019opzione \u201cusubscribe\u201d presente a pi\u00e8 di ogni newsletter ricevuta.<\/p>\n\n\n\n<ul class=\"wp-block-list\">\n<li>Invio di comunicazioni<\/li>\n<\/ul>\n\n\n\n<p>Nella sezione \u201cEntra in contatto con noi\u201d l\u2019utente pu\u00f2 inviare in modo facoltativo, esplicito e volontario delle comunicazioni scrivendo una e-mail all\u2019 indirizzo indicato sul Sito: ci\u00f2 comporta la successiva acquisizione dei dati che sono stati comunicati e, ovviamente, comporta l\u2019autorizzazione a inviare eventuali risposte.<\/p>\n\n\n\n<ul class=\"wp-block-list\">\n<li>Registrazione e creazione di un account<\/li>\n<\/ul>\n\n\n\n<p>I dati raccolti sono trattati per dare corso alla richiesta di registrazione e attivare il profilo utente &#8211; consentire all\u2019utente di creare un account per fruire di tutti i servizi offerti attraverso la piattaforma. In particolare, l\u2019utente potr\u00e0 creare un proprio itinerario salvando i beni architettonici tra preferiti e gestire l\u2019itinerario con l\u2019ordine delle tappe e le preferenze di percorso direttamente da Google Maps.<\/p>\n\n\n\n<ul class=\"wp-block-list\">\n<li>Adempimento agli obblighi di legge<\/li>\n<\/ul>\n\n\n\n<p>I dati personali dell\u2019utente verranno trattati al fine di adempiere a obblighi di legge e a ogni altro obbligo derivante da ordini delle autorit\u00e0 competenti.<\/p>\n\n\n\n<p>Ai sensi dell\u2019art. 13 par. 3 Regolamento, qualora il Titolare intenda trattare ulteriormente i dati personali per una finalit\u00e0 diversa da quella per cui essi sono stati raccolti, prima di tale ulteriore trattamento fornisce all&#8217;interessato informazioni in merito a tale diversa finalit\u00e0 e ogni ulteriore informazione pertinente.<\/p>\n\n\n\n<h3 class=\"wp-block-heading\"><strong>Tipi di dati trattati e finalit\u00e0 del trattamento<\/strong><\/h3>\n\n\n\n<p><strong>Dati di navigazione&nbsp; &nbsp;<\/strong><\/p>\n\n\n\n<p>I sistemi informatici e le procedure software necessari al funzionamento del sito web acquisiscono alcuni dati personali la cui trasmissione \u00e8 implicita nell&#8217;uso dei protocolli di comunicazione di Internet.<\/p>\n\n\n\n<p>In questa categoria di dati rientrano gli indirizzi IP o i nomi a dominio dei computer e dei terminali utilizzati dagli utenti, gli indirizzi URI\/URL (Uniform Resource Identifier\/Locator) delle risorse richieste, l&#8217;orario della richiesta, il metodo utilizzato nel sottoporre la richiesta al server, la dimensione del file ottenuto in risposta, il codice numerico che indica lo stato della risposta data dal server (buon fine, errore, ecc.), altri parametri relativi al sistema operativo e all&#8217;ambiente informatico dell&#8217;utente.<\/p>\n\n\n\n<p>Questi dati, necessari per la fruizione dei servizi web, vengono trattati anche allo scopo di ottenere informazioni statistiche sull&#8217;uso dei servizi (pagine pi\u00f9 visitate, numero di visitatori per fascia oraria o giornaliera, ecc.), controllare il corretto funzionamento dei servizi.<\/p>\n\n\n\n<p><strong>Diritti degli interessati<\/strong><\/p>\n\n\n\n<p>Gli interessati hanno il diritto di ottenere dal Ministero della Cultura, nei casi previsti dal Regolamento, l&#8217;accesso ai propri dati personali, la rettifica o la cancellazione degli stessi o la limitazione del trattamento che li riguarda, o di opporsi al trattamento, secondo quanto previsto dagli articoli 15-22 del Regolamento. Le relative istanze vanno presentate inoltrandole al Titolare del trattamento dei dati.<\/p>\n\n\n\n<p><strong>Comunicazione di violazione dei dati personali<\/strong><\/p>\n\n\n\n<p>Quando l&#8217;eventuale violazione di dati personali pu\u00f2 comportare un rischio elevato per i diritti e le libert\u00e0 delle persone fisiche, la violazione \u00e8 comunicata all&#8217;interessato senza giustificato ritardo, secondo quanto prevede l&#8217;articolo 34 del Regolamento.<\/p>\n\n\n\n<p><strong>Diritto di reclamo<\/strong><\/p>\n\n\n\n<p>Gli interessati che ritengono che il trattamento di propri dati personali effettuato a seguito della consultazione del sito sia in violazione di quanto previsto dal Regolamento hanno il diritto di proporre reclamo al Garante per la protezione dei dati personali, in veste di autorit\u00e0 di controllo nazionale (articolo 77), o ricorrere in sede giudiziaria (articolo 79).<\/p>\n\n\n\n<p><strong>Luogo, modalit\u00e0 e destinatari del trattamento <\/strong><\/p>\n\n\n\n<p>I dati personali sono trattati presso la sede del Titolare o del Responsabile e in ogni altro luogo in cui le parti coinvolte nel trattamento siano localizzate con strumenti automatizzati per il tempo strettamente necessario al raggiungimento delle finalit\u00e0 per cui sono stati raccolti, nel rispetto delle regole di riservatezza e di sicurezza previste dalla normativa vigente.<\/p>\n\n\n\n<p>Specifiche misure di sicurezza tecniche e organizzative sono adottate per tutelare le informazioni dall\u2019alterazione, dalla distruzione, dalla perdita, dal furto o dall\u2019utilizzo improprio o illegittimo.<\/p>\n\n\n\n<p>I trattamenti connessi ai servizi web di questo sito sono curati soltanto da personale tecnico autorizzato e istruito al trattamento, oppure dai Responsabili designati dal Titolare ai sensi dell\u2019art. 28 del Regolamento Europeo.<\/p>\n\n\n\n<p><strong>Trasferimento di dati verso Paesi Terzi o Organizzazioni internazionali <\/strong><\/p>\n\n\n\n<p>I dati personali dell\u2019utente possono essere trasferiti verso un Paese terzo o un\u2019altra Organizzazione Internazionale. Tuttavia, tale trasferimento, pu\u00f2 aver luogo soltanto se il Titolare rispetta le condizioni di cui al capo V del Regolamento UE 2016\/679. Tutte le disposizioni ivi contenute sono applicate al fine di assicurare che il livello di protezione delle persone fisiche non ne sia pregiudicato e resti, dunque, adeguato. In assenza di una decisione, in ordine al trasferimento, da parte della Commissione, dovranno essere forniti all\u2019interessato specifici strumenti di tutela (vedi Regolamento UE 2016\/679, capo V, art. 46, par. 2-3).<\/p>\n\n\n\n<p><strong>Periodo di conservazione dei dati<\/strong><\/p>\n\n\n\n<p>Al fine di garantire un trattamento corretto e trasparente, i dati sono conservati per un periodo di tempo non superiore a quello necessario agli scopi per i quali essi sono stati raccolti o successivamente trattati conformemente a quanto previsto dagli obblighi di legge.<\/p>\n\n\n\n<p><style>\/*! elementor - v3.14.0 - 18-06-2023 *\/&lt;br \/> .elementor-widget-social-icons.elementor-grid-0 .elementor-widget-container,.elementor-widget-social-icons.elementor-grid-mobile-0 .elementor-widget-container,.elementor-widget-social-icons.elementor-grid-tablet-0 .elementor-widget-container{line-height:1;font-size:0}.elementor-widget-social-icons:not(.elementor-grid-0):not(.elementor-grid-tablet-0):not(.elementor-grid-mobile-0) .elementor-grid{display:inline-grid}.elementor-widget-social-icons .elementor-grid{grid-column-gap:var(--grid-column-gap,5px);grid-row-gap:var(--grid-row-gap,5px);grid-template-columns:var(--grid-template-columns);justify-content:var(--justify-content,center);justify-items:var(--justify-content,center)}.elementor-icon.elementor-social-icon{font-size:var(--icon-size,25px);line-height:var(--icon-size,25px);width:calc(var(--icon-size, 25px) + (2 * var(--icon-padding, .5em)));height:calc(var(--icon-size, 25px) + (2 * var(--icon-padding, .5em)))}.elementor-social-icon{--e-social-icon-icon-color:#fff;display:inline-flex;background-color:#69727d;align-items:center;justify-content:center;text-align:center;cursor:pointer}.elementor-social-icon i{color:var(--e-social-icon-icon-color)}.elementor-social-icon svg{fill:var(--e-social-icon-icon-color)}.elementor-social-icon:last-child{margin:0}.elementor-social-icon:hover{opacity:.9;color:#fff}.elementor-social-icon-android{background-color:#a4c639}.elementor-social-icon-apple{background-color:#999}.elementor-social-icon-behance{background-color:#1769ff}.elementor-social-icon-bitbucket{background-color:#205081}.elementor-social-icon-codepen{background-color:#000}.elementor-social-icon-delicious{background-color:#39f}.elementor-social-icon-deviantart{background-color:#05cc47}.elementor-social-icon-digg{background-color:#005be2}.elementor-social-icon-dribbble{background-color:#ea4c89}.elementor-social-icon-elementor{background-color:#d30c5c}.elementor-social-icon-envelope{background-color:#ea4335}.elementor-social-icon-facebook,.elementor-social-icon-facebook-f{background-color:#3b5998}.elementor-social-icon-flickr{background-color:#0063dc}.elementor-social-icon-foursquare{background-color:#2d5be3}.elementor-social-icon-free-code-camp,.elementor-social-icon-freecodecamp{background-color:#006400}.elementor-social-icon-github{background-color:#333}.elementor-social-icon-gitlab{background-color:#e24329}.elementor-social-icon-globe{background-color:#69727d}.elementor-social-icon-google-plus,.elementor-social-icon-google-plus-g{background-color:#dd4b39}.elementor-social-icon-houzz{background-color:#7ac142}.elementor-social-icon-instagram{background-color:#262626}.elementor-social-icon-jsfiddle{background-color:#487aa2}.elementor-social-icon-link{background-color:#818a91}.elementor-social-icon-linkedin,.elementor-social-icon-linkedin-in{background-color:#0077b5}.elementor-social-icon-medium{background-color:#00ab6b}.elementor-social-icon-meetup{background-color:#ec1c40}.elementor-social-icon-mixcloud{background-color:#273a4b}.elementor-social-icon-odnoklassniki{background-color:#f4731c}.elementor-social-icon-pinterest{background-color:#bd081c}.elementor-social-icon-product-hunt{background-color:#da552f}.elementor-social-icon-reddit{background-color:#ff4500}.elementor-social-icon-rss{background-color:#f26522}.elementor-social-icon-shopping-cart{background-color:#4caf50}.elementor-social-icon-skype{background-color:#00aff0}.elementor-social-icon-slideshare{background-color:#0077b5}.elementor-social-icon-snapchat{background-color:#fffc00}.elementor-social-icon-soundcloud{background-color:#f80}.elementor-social-icon-spotify{background-color:#2ebd59}.elementor-social-icon-stack-overflow{background-color:#fe7a15}.elementor-social-icon-steam{background-color:#00adee}.elementor-social-icon-stumbleupon{background-color:#eb4924}.elementor-social-icon-telegram{background-color:#2ca5e0}.elementor-social-icon-thumb-tack{background-color:#1aa1d8}.elementor-social-icon-tripadvisor{background-color:#589442}.elementor-social-icon-tumblr{background-color:#35465c}.elementor-social-icon-twitch{background-color:#6441a5}.elementor-social-icon-twitter{background-color:#1da1f2}.elementor-social-icon-viber{background-color:#665cac}.elementor-social-icon-vimeo{background-color:#1ab7ea}.elementor-social-icon-vk{background-color:#45668e}.elementor-social-icon-weibo{background-color:#dd2430}.elementor-social-icon-weixin{background-color:#31a918}.elementor-social-icon-whatsapp{background-color:#25d366}.elementor-social-icon-wordpress{background-color:#21759b}.elementor-social-icon-xing{background-color:#026466}.elementor-social-icon-yelp{background-color:#af0606}.elementor-social-icon-youtube{background-color:#cd201f}.elementor-social-icon-500px{background-color:#0099e5}.elementor-shape-rounded .elementor-icon.elementor-social-icon{border-radius:10%}.elementor-shape-circle .elementor-icon.elementor-social-icon{border-radius:50%}<\/style><\/p>\n","protected":false},"excerpt":{"rendered":"<p>Informativa sul trattamento dei dati personali Ai sensi dell\u2019art. 13 del\u00a0Regolamento (UE) n.2016\/679\u00a0(di seguito \u201cRegolamento\u201d), tale informativa descrive le modalit\u00e0 di trattamento dei dati personali degli utenti che consultano il sito web Ducato Estense.com. Tale informativa si riferisce esclusivamente al trattamento dei dati personali conseguente alla consultazione del sito e non anche di altri siti [&hellip;]<\/p>\n","protected":false},"author":1,"featured_media":0,"parent":0,"menu_order":52,"comment_status":"closed","ping_status":"open","template":"","meta":{"_acf_changed":false,"footnotes":""},"tags":[],"class_list":["post-3","page","type-page","status-publish","hentry"],"acf":[],"_links":{"self":[{"href":"https:\/\/ducatoestense.com\/en\/wp-json\/wp\/v2\/pages\/3","targetHints":{"allow":["GET"]}}],"collection":[{"href":"https:\/\/ducatoestense.com\/en\/wp-json\/wp\/v2\/pages"}],"about":[{"href":"https:\/\/ducatoestense.com\/en\/wp-json\/wp\/v2\/types\/page"}],"author":[{"embeddable":true,"href":"https:\/\/ducatoestense.com\/en\/wp-json\/wp\/v2\/users\/1"}],"replies":[{"embeddable":true,"href":"https:\/\/ducatoestense.com\/en\/wp-json\/wp\/v2\/comments?post=3"}],"version-history":[{"count":0,"href":"https:\/\/ducatoestense.com\/en\/wp-json\/wp\/v2\/pages\/3\/revisions"}],"wp:attachment":[{"href":"https:\/\/ducatoestense.com\/en\/wp-json\/wp\/v2\/media?parent=3"}],"wp:term":[{"taxonomy":"post_tag","embeddable":true,"href":"https:\/\/ducatoestense.com\/en\/wp-json\/wp\/v2\/tags?post=3"}],"curies":[{"name":"wp","href":"https:\/\/api.w.org\/{rel}","templated":true}]}}