{"id":3436,"date":"2022-10-21T12:33:09","date_gmt":"2022-10-21T10:33:09","guid":{"rendered":"https:\/\/ducatoestense.com\/?page_id=3436"},"modified":"2024-02-02T17:32:19","modified_gmt":"2024-02-02T16:32:19","slug":"the-project","status":"publish","type":"page","link":"https:\/\/ducatoestense.com\/en\/the-project\/","title":{"rendered":"The project"},"content":{"rendered":"<p><\/p>\n<p>Ducato Estense \u00e8 un progetto promosso, finanziato e coordinato dal Ministero della Cultura (allora MiBACT) in accordo con gli enti locali dei territori coinvolti, che ha come principale obiettivo la valorizzazione del territorio compreso tra Emilia\u2013Romagna e Garfagnana. Il progetto, che ha interessato anche edifici danneggiati dal sisma del 2012, ha previsto interventi di restauro e riqualificazione delle eccellenze architettoniche e paesaggistiche di impronta estense che ne costituiscono l\u2019unicit\u00e0.<\/p>\n<p>Ducato Estense fa parte del progetto \u201c1 miliardo per la Cultura\u201d e si \u00e8 avvalso di 70 milioni di euro del Fondo Sviluppo e Coesione 2014-2020 stanziati dal CIPE nel 2016.<\/p>\n<p>Cantiere Estense \u00e8 stata la fase di avvio del progetto: un piano di comunicazione nato per seguire il dietro le quinte e il work in progress di Ducato Estense, raccontando l\u2019avanzamento dei lavori dei cantieri di restauro, gli sviluppi degli approfondimenti su architetture e opere d\u2019arte, l\u2019evoluzione della mappatura sul portale Tourer.it e degli strumenti interattivi dedicati, la messa a punto degli scenari possibili per la gestione e la governance a lungo termine del progetto.<\/p>\n<p>In questa prima fase sono stati definiti i valori e l\u2019identit\u00e0 del brand Ducato Estense e la progettazione di itinerari turistico-culturali attraverso la graduale raccolta e messa in rete di informazioni turistiche, approfondimenti scientifici e video narrazioni sui luoghi che costituiscono la straordinaria eredit\u00e0 estense nei territori compresi tra Emilia-Romagna e Garfagnana.<\/p>\n<p>Le fasi del progetto&nbsp;<\/p>\n<p>Il progetto Ducato Estense ha promosso e finanziato interventi di potenziamento delle infrastrutture e lavori di restauro e consolidamento nelle province di Ferrara, Modena, Reggio Emilia e Lucca; contestualmente ha previsto lo sviluppo di attivit\u00e0 di valorizzazione e comunicazione incentrate sulla realizzazione di un brand distintivo, con l\u2019obiettivo di promuovere lo straordinario patrimonio estense che contraddistingue il territorio.<\/p>\n<p>Analisi dello scenario e strategia<\/p>\n<p>Per capire cosa sia abbia significato e cosa rappresenti oggi il Ducato Estense, \u00e8 stato necessario scoprirne il carattere e riconoscerne l\u2019eredit\u00e0 culturale. Il brand deve infatti trasmettere con forza il sistema identitario di valori, valido e riconosciuto, che costituisce l\u2019essenza del lascito estense.<\/p>\n<p>Identificare il tipo di esperienza da offrire, i canali di comunicazione pi\u00f9 adatti alla diffusione delle informazioni, gli strumenti finanziari disponibili, le risorse umane e professionali necessarie e le partnership possibili \u00e8 stata un\u2019operazione basilare per individuare le pi\u00f9 efficaci strategie di gestione del brand Ducato Estense.<\/p>\n<p>Censimento<\/p>\n<p>Punto di partenza del progetto \u00e8 la conoscenza del Ducato Estense, della sua storia e delle tracce ancora esistenti nel patrimonio architettonico e artistico diffuso sul territorio. Ciascun luogo estense \u00e8 individuato e mappato su una cartografia interattiva chiamata Tourer (<a href=\"https:\/\/www.tourer.it\/\">https:\/\/www.tourer.it<\/a>) , corredata da informazioni funzionali alla fruizione turistica, approfondimenti di carattere storico-artistico, foto, immagini e video; tutti strumenti utilizzabili come guida virtuale alla visita.<\/p>\n<p>Sulla base di specifiche tematiche, sono stati progettati itinerari turistico culturali a tema estense per guidare il turista alla scoperta del territorio e della sua storia.<\/p>\n<p>Brand Identity<\/p>\n<p>Dalle analisi dello scenario \u00e8 scaturita l\u2019ideazione e la declinazione di un logo che rende in linguaggio visuale l\u2019identit\u00e0, l\u2019unicit\u00e0 e la \u201cpersonalit\u00e0\u201d del Ducato Estense veicolandone il complesso e articolato patrimonio di valori percepito ancora oggi come fondante.<\/p>\n<p>Dal virtuale al territorio<\/p>\n<p>Il portale d\u2019accesso al mondo estense \u00e8 costituito da punti di accoglienza turistica, collocati presso alcuni luoghi significativi, dotati di touch screen interattivi, veri e propri i contenitori di tutti gli approfondimenti sulle storie e sul patrimonio architettonico e artistico, con informazioni e indicazioni utili per l\u2019accessibilit\u00e0, la viabilit\u00e0 e i gli itinerari turistico culturali.<\/p>\n<p>Sostenibilit\u00e0 e consolidamento<\/p>\n<p>Il progetto prevede che I soggetti promotori e quelli territorialmente coinvolti si impegnino a mettere a punto un efficace modello di governance mediante il confronto costante tra i partner, chiamati a valutare le azioni intraprese e a curare l\u2019ottimizzazione delle attivit\u00e0 di comunicazione. Si intende cos\u00ec conseguire la sostenibilit\u00e0 a lungo termine delle attivit\u00e0 realizzate, in accordo ad\/con una visione degli obiettivi dinamica e in continua crescita.<\/p>\n<br>\n<hr>\n<h4>Tourer<\/h4>\n<p>Uno strumento interattivo per esplorare il <strong>patrimonio culturale estense<\/strong> e muoversi nel territorio attraverso <strong>itinerari culturali e tematici<\/strong> che permettono di scoprire l\u2019eredit\u00e0 estense assaporandone il gusto oggi ancora vivo e riconoscibile. Questo \u00e8 lo scopo del <a href=\"http:\/\/www.tourer.it\/\">tourer<\/a>, una <strong>mappa interattiva<\/strong> \u2013 a cui anche cittadini e viaggiatori possono contribuire con foto e valutazioni \u2013 che nasce dall\u2019esperienza del censimento del patrimonio culturale emiliano-romagnolo.<\/p>\n<p>La capillare conoscenza dei beni culturali tutelati diviene fulcro della valorizzazione del territorio grazie ad uno strumento dinamico e in continua evoluzione.<\/p>\n<hr>\n<h4>Cantiere estense<\/h4>\n<p>Cuore del progetto sono i <strong>cantieri di restauro<\/strong> che porteranno nuovo splendore a 26 straordinari edifici legati alla famiglia d\u2019Este destinati alla fruizione pubblica.<\/p>\n<p>I cantieri di restauro del Ducato Estense sono 26: ciascuno di essi dispone di una scheda di approfondimento consultabile in questa sezione. Ogni scheda conduce alla scoperta del bene oggetto di intervento raccontandone la storia anche attraverso fotografie e video. Potrai in ogni momento consultare il progetto di restauro e tenerti aggiornato sull\u2019avanzamento dei lavori.<\/p>\n<p>Come? Seleziona il cantiere direttamente dalla mappa interattiva che trovi qui sotto, oppure usa i filtri di ricerca, clicca e leggi l\u2019approfondimento.<\/p>\n\n<!-- iframe plugin v.6.0 wordpress.org\/plugins\/iframe\/ -->\n<iframe src=\"https:\/\/www.tourer.it\/mappa_cantiere\/?cont=cantieri#123\" width=\"100%\" height=\"700\" frameborder=\"0\" scrolling=\"yes\" class=\"iframe-class\"><\/iframe>\n\n<hr>\n<h4><br><\/h4>\n<p><\/p>\n<p><\/p>","protected":false},"excerpt":{"rendered":"<p>Ducato Estense \u00e8 un progetto promosso, finanziato e coordinato dal Ministero della Cultura (allora MiBACT) in accordo con gli enti locali dei territori coinvolti, che ha come principale obiettivo la valorizzazione del territorio compreso tra Emilia\u2013Romagna e Garfagnana. Il progetto, che ha interessato anche edifici danneggiati dal sisma del 2012, ha previsto interventi di restauro [&hellip;]<\/p>\n","protected":false},"author":2,"featured_media":2966,"parent":0,"menu_order":21,"comment_status":"closed","ping_status":"closed","template":"","meta":{"_acf_changed":false,"footnotes":""},"tags":[],"class_list":["post-3436","page","type-page","status-publish","has-post-thumbnail","hentry"],"acf":[],"_links":{"self":[{"href":"https:\/\/ducatoestense.com\/en\/wp-json\/wp\/v2\/pages\/3436","targetHints":{"allow":["GET"]}}],"collection":[{"href":"https:\/\/ducatoestense.com\/en\/wp-json\/wp\/v2\/pages"}],"about":[{"href":"https:\/\/ducatoestense.com\/en\/wp-json\/wp\/v2\/types\/page"}],"author":[{"embeddable":true,"href":"https:\/\/ducatoestense.com\/en\/wp-json\/wp\/v2\/users\/2"}],"replies":[{"embeddable":true,"href":"https:\/\/ducatoestense.com\/en\/wp-json\/wp\/v2\/comments?post=3436"}],"version-history":[{"count":2,"href":"https:\/\/ducatoestense.com\/en\/wp-json\/wp\/v2\/pages\/3436\/revisions"}],"predecessor-version":[{"id":16883,"href":"https:\/\/ducatoestense.com\/en\/wp-json\/wp\/v2\/pages\/3436\/revisions\/16883"}],"wp:featuredmedia":[{"embeddable":true,"href":"https:\/\/ducatoestense.com\/en\/wp-json\/wp\/v2\/media\/2966"}],"wp:attachment":[{"href":"https:\/\/ducatoestense.com\/en\/wp-json\/wp\/v2\/media?parent=3436"}],"wp:term":[{"taxonomy":"post_tag","embeddable":true,"href":"https:\/\/ducatoestense.com\/en\/wp-json\/wp\/v2\/tags?post=3436"}],"curies":[{"name":"wp","href":"https:\/\/api.w.org\/{rel}","templated":true}]}}