{"id":5975,"date":"2023-06-20T11:55:26","date_gmt":"2023-06-20T09:55:26","guid":{"rendered":"https:\/\/ducatoestense.com\/?page_id=5975"},"modified":"2023-06-20T11:56:32","modified_gmt":"2023-06-20T09:56:32","slug":"cookie-policy","status":"publish","type":"page","link":"https:\/\/ducatoestense.com\/en\/cookie-policy\/","title":{"rendered":"Cookie policy"},"content":{"rendered":"\n<h3 class=\"wp-block-heading\"><strong>Informativa sui cookie<\/strong><\/h3>\n\n\n\n<p><strong>Che cosa sono i cookie?<\/strong><\/p>\n\n\n\n<p>Un cookie \u00e8 un piccolo insieme di dati che viene inviato dal server web al browser dell\u2019utente e memorizzato dal browser sul dispositivo dell\u2019utente (computer, tablet, telefono cellulare, o altri), pu\u00f2 essere letto o successivamente recuperato dal server stesso. Permette al sito web di memorizzare alcune informazioni utili all\u2019interno di una sessione o nei successivi accessi che l\u2019utente effettua.<\/p>\n\n\n\n<p><strong>Utilizzo dei cookie nel sito web del Segretariato Regionale per l\u2019Emilia Romagna?<\/strong><\/p>\n\n\n\n<p>S\u00ec. I cookie vengono utilizzati per migliorare il sito e per fornire servizi e funzionalit\u00e0 agli utenti. \u00c8 possibile limitare o disattivare l\u2019utilizzo dei cookie tramite il proprio browser web. Tuttavia, in questo caso, alcune funzionalit\u00e0 potrebbero diventare inaccessibili.<\/p>\n\n\n\n<p><strong>Perch\u00e9 si utilizzano i cookie?<\/strong><\/p>\n\n\n\n<p>I cookie possono essere impiegati per diversi motivi. In alcune parti del sito web i cookie sono essenziali e senza di essi non si potrebbe, ad esempio, navigare correttamente.<br>In altre parti servono per avere informazioni utili per fornire appositi servizi; inoltre, alcuni servizi esterni (terze parti) possono necessitare di installare appositi cookie sul browser dell\u2019utente per poter fornire i relativi servizi.<\/p>\n\n\n\n<p><strong>Quali tipi di cookie sono utilizzati nel nostro sito web?<\/strong><\/p>\n\n\n\n<p><strong>Cookie tecnici <\/strong><\/p>\n\n\n\n<p>Il sito web utilizza cookie \u201ctecnici\u201d che non consentono l\u2019acquisizione di dati personali identificativi dell\u2019utente, come meglio descritti di seguito:<\/p>\n\n\n\n<p>&#8211; cookie di sessione &#8211; utilizzati per garantire la normale navigazione e fruizione del sito web; il loro utilizzo \u00e8 strettamente limitato alla trasmissione di identificativi di sessione (costituiti da numeri casuali generati dal server) necessari per consentire l&#8217;esplorazione sicura ed efficiente del sito web;<\/p>\n\n\n\n<p>&#8211; cookie di funzionalit\u00e0 &#8211; utilizzati per permettere all&#8217;utente la navigazione del sito web in funzione di una serie di criteri selezionati (come ad esempio la lingua selezionata) al fine di migliorare il servizio reso allo stesso.<\/p>\n\n\n\n<p><strong>Cookie di terze parti <\/strong><\/p>\n\n\n\n<p>Questo sito utilizza i cookie di Facebook, Twitter, Youtube, Linkedin, Vimeo per la condivisione di alcuni contenuti del sito sui rispettivi social network.<\/p>\n\n\n\n<p>Per ulteriori informazioni:<\/p>\n\n\n\n<p>Informativa Facebook: <a href=\"https:\/\/www.facebook.com\/policies\/cookies\/\" target=\"_blank\" rel=\"noopener nofollow\" title=\"\">https:\/\/www.facebook.com\/policies\/cookies\/<\/a><\/p>\n\n\n\n<p>Informativa Twitter: <a href=\"https:\/\/help.twitter.com\/it\/rules-and-policies\/twitter-cookies\" target=\"_blank\" rel=\"noopener nofollow\" title=\"\">https:\/\/help.twitter.com\/it\/rules-and-policies\/twitter-cookies<\/a> \u00a0<\/p>\n\n\n\n<p>Informativa Youtube: <a href=\"https:\/\/policies.google.com\/privacy?hl=it\" target=\"_blank\" rel=\"noopener nofollow\" title=\"\">https:\/\/policies.google.com\/privacy?hl=it<\/a><\/p>\n\n\n\n<p>Informativa Linkedin: <a href=\"https:\/\/it.linkedin.com\/legal\/cookie-policy\" target=\"_blank\" rel=\"noopener nofollow\" title=\"\">https:\/\/it.linkedin.com\/legal\/cookie-policy<\/a><\/p>\n\n\n\n<p>Informativa Vimeo: <a href=\"https:\/\/vimeo.com\/cookie_policy\" target=\"_blank\" rel=\"noopener nofollow\" title=\"\">https:\/\/vimeo.com\/cookie_policy<\/a><\/p>\n\n\n\n<p>Il sito web inoltre utilizza Google Analytics, un servizio di analisi web fornito dalla societ\u00e0 Google, Inc. (&#8220;Google&#8221;). Google Analytics utilizza i cookie per consentire di raccogliere e analizzare in forma anonima le informazioni sui comportamenti di utilizzo di questo sito web da parte degli utenti (compreso l\u2019indirizzo IP). Tali informazioni vengono trasmesse a Google, il quale le elabora allo scopo di redigere report per gli operatori di questo sito internet riguardanti le attivit\u00e0 degli utenti sul sito web stesso.<\/p>\n\n\n\n<p>Il sito web non utilizza (e non consente a terzi di utilizzare) lo strumento di analisi di Google per monitorare o per raccogliere le informazioni personali di identificazione degli utenti. Google non associa l\u2019indirizzo IP degli utenti a nessun altro dato posseduto da Google n\u00e9 cerca di collegare un indirizzo IP con l&#8217;identit\u00e0 di un utente di un dispositivo. Google pu\u00f2 anche trasferire queste informazioni a terzi ove ci\u00f2 sia imposto dalla legge o laddove tali terzi trattino le suddette informazioni per conto di Google. Utilizzando i servizi offerti in questo sito web, l\u2019utente acconsente al trattamento dei suoi dati da parte di Google per le modalit\u00e0 e i fini sopraindicati.<\/p>\n\n\n\n<p>L\u2019utente ha sempre la possibilit\u00e0 di impostare il proprio browser in maniera tale da disabilitare i suddetti cookie attraverso le opzioni presenti nel proprio software di navigazione internet secondo le istruzioni rese disponibili dai relativi fornitori. Per disabilitare i cookie analitici e impedire a Google Analytics di raccogliere dati sulla navigazione del sito web, l\u2019utente pu\u00f2 sempre scaricare il Componente aggiuntivo del browser per la disattivazione di Google Analytics: https:\/\/tools.google.com\/dlpage\/gaoptout.<\/p>\n\n\n\n<p>Per consultare l&#8217;informativa privacy relativa al servizio Google Analytics: <a href=\"http:\/\/www.google.com\/intl\/en\/analytics\/privacyoverview.html\" target=\"_blank\" rel=\"noopener nofollow\" title=\"\">http:\/\/www.google.com\/intl\/en\/analytics\/privacyoverview.html<\/a>.<\/p>\n\n\n\n<p><strong>Come si disattivano o si rimuovono i cookie?<\/strong><\/p>\n\n\n\n<p>Se non desiderate che il vostro computer riceva e memorizzi cookie, potete modificare le impostazioni di sicurezza del vostro browser.<\/p>\n\n\n\n<p>Di seguito, si riportano gli indirizzi alle pagine dei relativi produttori dei browser pi\u00f9 diffusi:<\/p>\n\n\n\n<p class=\"has-text-align-left\">Google Chrome\u00a0<a href=\"https:\/\/support.google.com\/accounts\/answer\/61416?hl=it\">https:\/\/support.google.com\/accounts\/answer\/61416?h<\/a><a href=\"https:\/\/support.google.com\/accounts\/answer\/61416?hl=it\" target=\"_blank\" rel=\"noopener nofollow\" title=\"\">l<\/a><a href=\"https:\/\/support.google.com\/accounts\/answer\/61416?hl=it\">=it<\/a><\/p>\n\n\n\n<p class=\"has-text-align-left\">Mozilla Firefox\u00a0<a href=\"https:\/\/support.mozilla.org\/it\/kb\/Attivare%20e%20disattivare%20i%20cookie\" target=\"_blank\" rel=\"noopener\" title=\"\">https:\/\/support.mozilla.org\/it\/kb\/Attivare%20e%20disattivare%20i%20cook\u2026<\/a><\/p>\n\n\n\n<p class=\"has-text-align-left\">Windows Internet Explorer\u00a0<a href=\"http:\/\/windows.microsoft.com\/it-it\/windows7\/block-enable-or-allow-cookies\" target=\"_blank\" rel=\"noopener nofollow\" title=\"\">http:\/\/windows.microsoft.com\/it-it\/windows7\/block-enable-or-allow-cooki\u2026<\/a><\/p>\n\n\n\n<p class=\"has-text-align-left\">Apple Safari\u00a0<a href=\"https:\/\/support.apple.com\/it-it\/HT201265\" target=\"_blank\" rel=\"noopener nofollow\" title=\"\">https:\/\/support.apple.com\/it-it\/HT201265<\/a><\/p>\n\n\n\n<p class=\"has-text-align-left\">Opera\u00a0<a href=\"http:\/\/help.opera.com\/Windows\/10.00\/it\/cookies.html\" target=\"_blank\" rel=\"noopener nofollow\" title=\"\">http:\/\/help.opera.com\/Windows\/10.00\/it\/cookies.html<\/a><\/p>\n\n\n\n<p><style>\/*! elementor - v3.14.0 - 18-06-2023 *\/&amp;amp;lt;br \/> .elementor-widget-social-icons.elementor-grid-0 .elementor-widget-container,.elementor-widget-social-icons.elementor-grid-mobile-0 .elementor-widget-container,.elementor-widget-social-icons.elementor-grid-tablet-0 .elementor-widget-container{line-height:1;font-size:0}.elementor-widget-social-icons:not(.elementor-grid-0):not(.elementor-grid-tablet-0):not(.elementor-grid-mobile-0) .elementor-grid{display:inline-grid}.elementor-widget-social-icons .elementor-grid{grid-column-gap:var(--grid-column-gap,5px);grid-row-gap:var(--grid-row-gap,5px);grid-template-columns:var(--grid-template-columns);justify-content:var(--justify-content,center);justify-items:var(--justify-content,center)}.elementor-icon.elementor-social-icon{font-size:var(--icon-size,25px);line-height:var(--icon-size,25px);width:calc(var(--icon-size, 25px) + (2 * var(--icon-padding, .5em)));height:calc(var(--icon-size, 25px) + (2 * var(--icon-padding, .5em)))}.elementor-social-icon{--e-social-icon-icon-color:#fff;display:inline-flex;background-color:#69727d;align-items:center;justify-content:center;text-align:center;cursor:pointer}.elementor-social-icon i{color:var(--e-social-icon-icon-color)}.elementor-social-icon svg{fill:var(--e-social-icon-icon-color)}.elementor-social-icon:last-child{margin:0}.elementor-social-icon:hover{opacity:.9;color:#fff}.elementor-social-icon-android{background-color:#a4c639}.elementor-social-icon-apple{background-color:#999}.elementor-social-icon-behance{background-color:#1769ff}.elementor-social-icon-bitbucket{background-color:#205081}.elementor-social-icon-codepen{background-color:#000}.elementor-social-icon-delicious{background-color:#39f}.elementor-social-icon-deviantart{background-color:#05cc47}.elementor-social-icon-digg{background-color:#005be2}.elementor-social-icon-dribbble{background-color:#ea4c89}.elementor-social-icon-elementor{background-color:#d30c5c}.elementor-social-icon-envelope{background-color:#ea4335}.elementor-social-icon-facebook,.elementor-social-icon-facebook-f{background-color:#3b5998}.elementor-social-icon-flickr{background-color:#0063dc}.elementor-social-icon-foursquare{background-color:#2d5be3}.elementor-social-icon-free-code-camp,.elementor-social-icon-freecodecamp{background-color:#006400}.elementor-social-icon-github{background-color:#333}.elementor-social-icon-gitlab{background-color:#e24329}.elementor-social-icon-globe{background-color:#69727d}.elementor-social-icon-google-plus,.elementor-social-icon-google-plus-g{background-color:#dd4b39}.elementor-social-icon-houzz{background-color:#7ac142}.elementor-social-icon-instagram{background-color:#262626}.elementor-social-icon-jsfiddle{background-color:#487aa2}.elementor-social-icon-link{background-color:#818a91}.elementor-social-icon-linkedin,.elementor-social-icon-linkedin-in{background-color:#0077b5}.elementor-social-icon-medium{background-color:#00ab6b}.elementor-social-icon-meetup{background-color:#ec1c40}.elementor-social-icon-mixcloud{background-color:#273a4b}.elementor-social-icon-odnoklassniki{background-color:#f4731c}.elementor-social-icon-pinterest{background-color:#bd081c}.elementor-social-icon-product-hunt{background-color:#da552f}.elementor-social-icon-reddit{background-color:#ff4500}.elementor-social-icon-rss{background-color:#f26522}.elementor-social-icon-shopping-cart{background-color:#4caf50}.elementor-social-icon-skype{background-color:#00aff0}.elementor-social-icon-slideshare{background-color:#0077b5}.elementor-social-icon-snapchat{background-color:#fffc00}.elementor-social-icon-soundcloud{background-color:#f80}.elementor-social-icon-spotify{background-color:#2ebd59}.elementor-social-icon-stack-overflow{background-color:#fe7a15}.elementor-social-icon-steam{background-color:#00adee}.elementor-social-icon-stumbleupon{background-color:#eb4924}.elementor-social-icon-telegram{background-color:#2ca5e0}.elementor-social-icon-thumb-tack{background-color:#1aa1d8}.elementor-social-icon-tripadvisor{background-color:#589442}.elementor-social-icon-tumblr{background-color:#35465c}.elementor-social-icon-twitch{background-color:#6441a5}.elementor-social-icon-twitter{background-color:#1da1f2}.elementor-social-icon-viber{background-color:#665cac}.elementor-social-icon-vimeo{background-color:#1ab7ea}.elementor-social-icon-vk{background-color:#45668e}.elementor-social-icon-weibo{background-color:#dd2430}.elementor-social-icon-weixin{background-color:#31a918}.elementor-social-icon-whatsapp{background-color:#25d366}.elementor-social-icon-wordpress{background-color:#21759b}.elementor-social-icon-xing{background-color:#026466}.elementor-social-icon-yelp{background-color:#af0606}.elementor-social-icon-youtube{background-color:#cd201f}.elementor-social-icon-500px{background-color:#0099e5}.elementor-shape-rounded .elementor-icon.elementor-social-icon{border-radius:10%}.elementor-shape-circle .elementor-icon.elementor-social-icon{border-radius:5<\/style><\/p>\n","protected":false},"excerpt":{"rendered":"<p>Informativa sui cookie Che cosa sono i cookie? Un cookie \u00e8 un piccolo insieme di dati che viene inviato dal server web al browser dell\u2019utente e memorizzato dal browser sul dispositivo dell\u2019utente (computer, tablet, telefono cellulare, o altri), pu\u00f2 essere letto o successivamente recuperato dal server stesso. Permette al sito web di memorizzare alcune informazioni [&hellip;]<\/p>\n","protected":false},"author":1,"featured_media":0,"parent":0,"menu_order":53,"comment_status":"closed","ping_status":"open","template":"","meta":{"_acf_changed":false,"footnotes":""},"tags":[],"class_list":["post-5975","page","type-page","status-publish","hentry"],"acf":[],"_links":{"self":[{"href":"https:\/\/ducatoestense.com\/en\/wp-json\/wp\/v2\/pages\/5975","targetHints":{"allow":["GET"]}}],"collection":[{"href":"https:\/\/ducatoestense.com\/en\/wp-json\/wp\/v2\/pages"}],"about":[{"href":"https:\/\/ducatoestense.com\/en\/wp-json\/wp\/v2\/types\/page"}],"author":[{"embeddable":true,"href":"https:\/\/ducatoestense.com\/en\/wp-json\/wp\/v2\/users\/1"}],"replies":[{"embeddable":true,"href":"https:\/\/ducatoestense.com\/en\/wp-json\/wp\/v2\/comments?post=5975"}],"version-history":[{"count":0,"href":"https:\/\/ducatoestense.com\/en\/wp-json\/wp\/v2\/pages\/5975\/revisions"}],"wp:attachment":[{"href":"https:\/\/ducatoestense.com\/en\/wp-json\/wp\/v2\/media?parent=5975"}],"wp:term":[{"taxonomy":"post_tag","embeddable":true,"href":"https:\/\/ducatoestense.com\/en\/wp-json\/wp\/v2\/tags?post=5975"}],"curies":[{"name":"wp","href":"https:\/\/api.w.org\/{rel}","templated":true}]}}